{"id":2143,"date":"2024-07-23T10:30:11","date_gmt":"2024-07-23T08:30:11","guid":{"rendered":"https:\/\/rineabeauty.nl\/?page_id=2143"},"modified":"2026-02-20T11:43:19","modified_gmt":"2026-02-20T10:43:19","slug":"wellness-behandelingen-lichaam","status":"publish","type":"page","link":"https:\/\/rineabeauty.nl\/index.php\/wellness-behandelingen-lichaam\/","title":{"rendered":"Wellness behandelingen &#8211; Lichaam"},"content":{"rendered":"\n<div class=\"wp-block-columns are-vertically-aligned-center is-layout-flex wp-container-core-columns-is-layout-9d6595d7 wp-block-columns-is-layout-flex\">\n<div class=\"wp-block-column is-vertically-aligned-center is-layout-flow wp-block-column-is-layout-flow\"><div class=\"wp-block-image\">\n<figure class=\"aligncenter size-large\"><img loading=\"lazy\" decoding=\"async\" width=\"1024\" height=\"683\" src=\"https:\/\/rineabeauty.nl\/wp-content\/uploads\/2024\/07\/theranaka-scrub-1024x683.jpg\" alt=\"\" class=\"wp-image-3557\" srcset=\"https:\/\/rineabeauty.nl\/wp-content\/uploads\/2024\/07\/theranaka-scrub-1024x683.jpg 1024w, https:\/\/rineabeauty.nl\/wp-content\/uploads\/2024\/07\/theranaka-scrub-300x200.jpg 300w, https:\/\/rineabeauty.nl\/wp-content\/uploads\/2024\/07\/theranaka-scrub-768x512.jpg 768w, https:\/\/rineabeauty.nl\/wp-content\/uploads\/2024\/07\/theranaka-scrub-1536x1024.jpg 1536w, https:\/\/rineabeauty.nl\/wp-content\/uploads\/2024\/07\/theranaka-scrub-1140x760.jpg 1140w, https:\/\/rineabeauty.nl\/wp-content\/uploads\/2024\/07\/theranaka-scrub-1320x880.jpg 1320w, https:\/\/rineabeauty.nl\/wp-content\/uploads\/2024\/07\/theranaka-scrub.jpg 1920w\" sizes=\"auto, (max-width: 1024px) 100vw, 1024px\" \/><\/figure>\n<\/div><\/div>\n\n\n\n<div class=\"wp-block-column is-vertically-aligned-center is-layout-flow wp-block-column-is-layout-flow\"><div class=\"wp-block-image\">\n<figure class=\"aligncenter size-large\"><img loading=\"lazy\" decoding=\"async\" width=\"1024\" height=\"680\" src=\"https:\/\/rineabeauty.nl\/wp-content\/uploads\/2024\/07\/theranaka-mud-1024x680.jpg\" alt=\"\" class=\"wp-image-3558\" srcset=\"https:\/\/rineabeauty.nl\/wp-content\/uploads\/2024\/07\/theranaka-mud-1024x680.jpg 1024w, https:\/\/rineabeauty.nl\/wp-content\/uploads\/2024\/07\/theranaka-mud-300x199.jpg 300w, https:\/\/rineabeauty.nl\/wp-content\/uploads\/2024\/07\/theranaka-mud-768x510.jpg 768w, https:\/\/rineabeauty.nl\/wp-content\/uploads\/2024\/07\/theranaka-mud-1536x1020.jpg 1536w, https:\/\/rineabeauty.nl\/wp-content\/uploads\/2024\/07\/theranaka-mud-1140x757.jpg 1140w, https:\/\/rineabeauty.nl\/wp-content\/uploads\/2024\/07\/theranaka-mud-1320x877.jpg 1320w, https:\/\/rineabeauty.nl\/wp-content\/uploads\/2024\/07\/theranaka-mud.jpg 1920w\" sizes=\"auto, (max-width: 1024px) 100vw, 1024px\" \/><\/figure>\n<\/div><\/div>\n\n\n\n<div class=\"wp-block-column is-vertically-aligned-center is-layout-flow wp-block-column-is-layout-flow\">\n<figure class=\"wp-block-image size-full is-resized\"><img loading=\"lazy\" decoding=\"async\" width=\"1000\" height=\"1000\" src=\"https:\/\/rineabeauty.nl\/wp-content\/uploads\/2024\/07\/theranaka-wrap.jpg\" alt=\"\" class=\"wp-image-3559\" style=\"width:211px;height:auto\" srcset=\"https:\/\/rineabeauty.nl\/wp-content\/uploads\/2024\/07\/theranaka-wrap.jpg 1000w, https:\/\/rineabeauty.nl\/wp-content\/uploads\/2024\/07\/theranaka-wrap-300x300.jpg 300w, https:\/\/rineabeauty.nl\/wp-content\/uploads\/2024\/07\/theranaka-wrap-150x150.jpg 150w, https:\/\/rineabeauty.nl\/wp-content\/uploads\/2024\/07\/theranaka-wrap-768x768.jpg 768w, https:\/\/rineabeauty.nl\/wp-content\/uploads\/2024\/07\/theranaka-wrap-75x75.jpg 75w\" sizes=\"auto, (max-width: 1000px) 100vw, 1000px\" \/><\/figure>\n<\/div>\n<\/div>\n\n\n\n<p class=\"has-text-color has-link-color has-medium-font-size wp-elements-6208d5d80191ec14aca542ed1daa4a6b\" id=\"tw-target-text\" style=\"color:#7210bc\">LICHAAMS-EXFOLIATIETHERAPIE &#8211; SCRUB RITUEEL<\/p>\n\n\n\n<p>Een reinigingsritueel dat symbool staat voor de vernieuwing van het lichaam. Onze reinigende, voorbereidende bodyscrubs zijn gemaakt met een 100% natuurlijke mix van plantaardige ingredi\u00ebnten om dode huidcellen zacht en effectief te verwijderen, te hydrateren en de huid zacht aan te laten voelen. <br>Voel u versterkt en gerevitaliseerd terwijl uw huid nieuw leven en vernieuwing zal worden gegeven.<\/p>\n\n\n\n<p class=\"has-text-color has-link-color has-medium-font-size wp-elements-6876c3a0b302f6c715d73ee091061d9a\" id=\"tw-target-text\" style=\"color:#7210bc\">BODY WRAP-BEHANDELINGEN &#8211; LICHAAMSPAKKINGEN<\/p>\n\n\n\n<p>Om deze zintuiglijke reis te beginnen, ontvangt u een volledige lichaamsexfoliatie. Laat uw gedachten afdwalen terwijl u wordt omhuld door een geruststellende omhulling van geurige oli\u00ebn en Afrikaanse pakkingen uit ons therapeutische assortiment. Kies de pakking die de huid zal behandelen, vernieuwen of verkwikken en wegdromen tijdens een ontspannende hoofdhuidmassage. Deze reis wordt afgesloten met de helende aanraking van uw therapeut die voedende Argan Rich Body Cream aanbrengt. Een ervaring uit Afrika!<\/p>\n\n\n\n<p class=\"has-text-color has-link-color has-medium-font-size wp-elements-39c7b8a6f591ac05dc54f31330f1b936\" id=\"tw-target-text\" style=\"color:#7210bc\">HANDRITUEEL &#8211; BEHANDELING<\/p>\n\n\n\n<p>Ideaal voor de \u201caltijd werkende handen\u201d. Ervaar de helende aanraking terwijl uw handen en onderarmen zachtjes worden ge\u00ebxfolieerd met re-mineraliserende Atlantische zeezouten, gevolgd door een ultra-ontspannende massage die elke uitgeputte spier in uw handen en armen aanpakt met zijn verzachtende eigenschappen. De genezende eigenschappen van een Alo\u00eb Ferox-gelmasker kalmeren en hydrateren de handen, terwijl het aanbrengen van de Argan Rich Body Cream de handen zacht laat aanvoelen.<\/p>\n\n\n\n<p class=\"has-text-align-left has-text-color has-link-color has-medium-font-size wp-elements-c5f86a0ff4af2a194f9d34d9d3a0235e\" style=\"color:#7210bc\">VOETRITUEEL  &#8211;  BEHANDELING<\/p>\n\n\n\n<p class=\"has-black-color has-text-color has-link-color wp-elements-9a99e7665a5b506449d02435471b2052\">Deze \u201csoulvolle\u201d reis neemt je voeten mee door een reiniging van mandarijn en jeneverbes terwijl je geniet van een voetbad. Terwijl u uw voeten en benen volledig laat ontspannen, begint een spierverzachtende voet- en beenmassage met houten voorwerpen, gevolgd door een koel, revitaliserend masker. Er wordt een voedende cr\u00e8me met Argan aangebracht om uw voeten voor te bereiden op de komende reis.<\/p>\n\n\n\n<figure class=\"wp-block-image size-large\"><img loading=\"lazy\" decoding=\"async\" width=\"1024\" height=\"385\" src=\"https:\/\/rineabeauty.nl\/wp-content\/uploads\/2022\/06\/theranaka-yes-1024x385.jpg\" alt=\"\" class=\"wp-image-1976\" srcset=\"https:\/\/rineabeauty.nl\/wp-content\/uploads\/2022\/06\/theranaka-yes-1024x385.jpg 1024w, https:\/\/rineabeauty.nl\/wp-content\/uploads\/2022\/06\/theranaka-yes-600x226.jpg 600w, https:\/\/rineabeauty.nl\/wp-content\/uploads\/2022\/06\/theranaka-yes-300x113.jpg 300w, https:\/\/rineabeauty.nl\/wp-content\/uploads\/2022\/06\/theranaka-yes-768x289.jpg 768w, https:\/\/rineabeauty.nl\/wp-content\/uploads\/2022\/06\/theranaka-yes-1140x429.jpg 1140w, https:\/\/rineabeauty.nl\/wp-content\/uploads\/2022\/06\/theranaka-yes.jpg 1329w\" sizes=\"auto, (max-width: 1024px) 100vw, 1024px\" \/><\/figure>\n\n\n\n<pre id=\"tw-target-text\" class=\"wp-block-preformatted\">Sinds de vroegste tijd leefden de oorspronkelijke bewoners van Afrika in harmonie met de natuur. Ge\u00efnspireerd door de wijsheid van het gebruik door traditionele genezers van exotische geuren en kruiden met bekende helende eigenschappen en ter viering van het rijke erfgoed van Afrika en haar verbinding met het leven, is <strong>TheraNaka\u2122<\/strong> een assortiment dat explodeert met aardse rijkdom en hernieuwd leven.\n\nVan hemelse aroma's tot kruidenzuiverheid, dit unieke assortiment is een betoverende en innovatieve safari voor het lichaam en de zintuigen, die de aardse geuren en het ontzagwekkende wonder van dit meest diepgaande continent repliceert.<\/pre>\n\n\n\n<figure class=\"wp-block-image size-full is-resized\"><img loading=\"lazy\" decoding=\"async\" width=\"700\" height=\"496\" src=\"https:\/\/rineabeauty.nl\/wp-content\/uploads\/2022\/06\/theranaka.png\" alt=\"\" class=\"wp-image-1977\" style=\"width:719px;height:auto\" srcset=\"https:\/\/rineabeauty.nl\/wp-content\/uploads\/2022\/06\/theranaka.png 700w, https:\/\/rineabeauty.nl\/wp-content\/uploads\/2022\/06\/theranaka-600x425.png 600w, https:\/\/rineabeauty.nl\/wp-content\/uploads\/2022\/06\/theranaka-300x213.png 300w\" sizes=\"auto, (max-width: 700px) 100vw, 700px\" \/><\/figure>\n\n\n\n<div style=\"height:100px\" aria-hidden=\"true\" class=\"wp-block-spacer\"><\/div>\n\n\n\n<figure class=\"wp-block-table is-style-stripes\"><table class=\"has-background\" style=\"background-color:#ceaee6\"><tbody><tr><td><strong>Hand Ritueel<\/strong><\/td><td><\/td><td>30 min. Reiniging, scrub, massage, wrap, cr\u00e8me.<\/td><td><strong>29,95<\/strong><\/td><td>Helpt bij droge en vochtarme huid die glans en elasticiteit mist. <br>Helpt bij vermoeide, overwerkte handen.<\/td><\/tr><tr><td><strong>Voet Ritueel<\/strong><\/td><td><\/td><td>45 min. Voetenbad, scrub, massage met dumbbells, wrap, cr\u00e8me.<\/td><td><strong>42,50<\/strong><\/td><td>Helpt bij pijnlijke, vermoeide voeten en benen. <br>Helpt bij slechte circulatie.<br>Helpt bij droge en schilferige huid.<\/td><\/tr><tr><td><strong>Marula and Sandalwood Sugar Scrub<\/strong><\/td><td><\/td><td>45 min. Hele lichaam, scrub en cr\u00e8me.<\/td><td><strong>49,95<\/strong><\/td><td>Bodyscrub met 100% natuurlijke mix van Marula-olie en Sandalhout. De delicate geur zal je meenemen naar sereniteit die lijkt op een vredige zonsondergang. <br>(Voedend, hydraterend, zuiverend.)<\/td><\/tr><tr><td><strong>African Earth Body Scrub<\/strong><\/td><td><\/td><td>45 min. Hele lichaam, scrub en cr\u00e8me.<\/td><td><strong>49,95<\/strong><\/td><td>Bodyscrub met 100% natuurlijke mix van Rooibos en Kigelia Africana. De ontspannende geur brengt je naar een plek van rust in het rustige Afrikaanse bushveld.<br>(Rustgevend, anti-oxidant, helend)<\/td><\/tr><tr><td><strong>Uplifting Mud Wrap<\/strong><\/td><td><\/td><td>75 min. Hele lichaam, scrub, wrap, cr\u00e8me.<\/td><td><strong>77,50<\/strong><\/td><td>Als je een laag energie-niveau hebt, als je emotioneel uitgeput bent of als je niet lekker in je vel zit. <br>(Romige, mineraalrijke modder cre\u00ebrt warmte en verlicht spierspanning)<\/td><\/tr><tr><td><strong>Revitalising Gel Wrap<\/strong><\/td><td><\/td><td>75 min. Hele lichaam, scrub, wrap, cr\u00e8me.<\/td><td><strong>77,50<\/strong><\/td><td>Als je een laag energieniveau hebt, slechte bloedsomloop, droge en vochtarme huid, door de zon verbrande huid hebt. <br>(Hydraterende Rooibos en Alo\u00eb Ferox gel die kalmeert, verzacht en bevordert)<\/td><\/tr><tr><td><strong>African Nurturing Wrap <\/strong><\/td><td><\/td><td>75 min. Hele lichaam, scrub, wrap, cr\u00e8me.<\/td><td><strong>77,50<\/strong><\/td><td>Als je zwanger bent of borstvoeding geeft of een zeer gevoelige huid hebt.<br>(Hydraterende Rooibos en Alo\u00eb Ferox gel die kalmeert, verzacht en bevordert)<\/td><\/tr><\/tbody><\/table><\/figure>\n\n\n\n<div style=\"height:100px\" aria-hidden=\"true\" class=\"wp-block-spacer\"><\/div>\n\n\n\n<pre class=\"wp-block-preformatted has-medium-font-size\">Deze behandelingen zijn ook nog uit te breiden met een massage naar keuze! <br><br>Kijkt u <a href=\"https:\/\/rineabeauty.nl\/index.php\/theranaka\/\" data-type=\"page\" data-id=\"1960\">hier<\/a> voor Afrikaanse massage's die aansluiten bij deze behandelingen.<br><br>Kijkt u <a href=\"https:\/\/rineabeauty.nl\/index.php\/ontspannende-massages\/\" data-type=\"page\" data-id=\"61\">hier<\/a> voor de overige massage's. <\/pre>\n\n\n\n<p class=\"has-text-align-center has-background has-medium-font-size\" style=\"background-color:#ddbee1\">Maak <a href=\"https:\/\/portal.looppiness.com\/Rin%C3%A9a-Beauty\/\" data-type=\"link\" data-id=\"https:\/\/portal.looppiness.com\/salon-divino\/\">hier<\/a> een afspraak\u00a0online\u00a0of bel 06 423 03 263.<\/p>\n\n\n\n<p><\/p>\n","protected":false},"excerpt":{"rendered":"<p>LICHAAMS-EXFOLIATIETHERAPIE &#8211; SCRUB RITUEEL Een reinigingsritueel dat symbool staat voor de vernieuwing van het lichaam. Onze reinigende, voorbereidende bodyscrubs zijn gemaakt met een 100% natuurlijke mix van plantaardige ingredi\u00ebnten om dode huidcellen zacht en effectief te verwijderen, te hydrateren en de huid zacht aan te laten voelen. Voel u versterkt en gerevitaliseerd terwijl uw huid nieuw leven en vernieuwing zal worden gegeven. BODY WRAP-BEHANDELINGEN &#8211; LICHAAMSPAKKINGEN Om deze zintuiglijke reis te beginnen, ontvangt u een volledige lichaamsexfoliatie. Laat uw gedachten afdwalen terwijl u wordt omhuld door een geruststellende omhulling van geurige oli\u00ebn en Afrikaanse pakkingen uit ons therapeutische assortiment. Kies de pakking die de huid zal behandelen, vernieuwen of verkwikken en wegdromen tijdens een ontspannende hoofdhuidmassage. Deze reis wordt afgesloten met de helende aanraking van uw therapeut die voedende Argan Rich Body Cream aanbrengt. Een ervaring uit Afrika! HANDRITUEEL &#8211; BEHANDELING Ideaal voor de \u201caltijd werkende handen\u201d. Ervaar de helende aanraking terwijl uw handen en onderarmen zachtjes worden ge\u00ebxfolieerd met re-mineraliserende Atlantische zeezouten, gevolgd door een ultra-ontspannende massage die elke uitgeputte spier in uw handen en armen aanpakt met zijn verzachtende eigenschappen. De genezende eigenschappen van een Alo\u00eb Ferox-gelmasker kalmeren en hydrateren de handen, terwijl het aanbrengen van de Argan Rich Body Cream de handen zacht laat aanvoelen. VOETRITUEEL &#8211; BEHANDELING Deze \u201csoulvolle\u201d reis neemt je voeten mee door een reiniging van mandarijn en jeneverbes terwijl je geniet van een voetbad. Terwijl u uw voeten en benen volledig laat ontspannen, begint een spierverzachtende voet- en beenmassage met houten voorwerpen, gevolgd door een koel, revitaliserend masker. Er wordt een voedende cr\u00e8me met Argan aangebracht om uw voeten voor te bereiden op de komende reis. Sinds de vroegste tijd leefden de oorspronkelijke bewoners van Afrika in harmonie met de natuur. Ge\u00efnspireerd door de wijsheid van het gebruik door traditionele genezers van exotische geuren en kruiden met bekende helende eigenschappen en ter viering van het rijke erfgoed van Afrika en haar verbinding met het leven, is TheraNaka\u2122 een assortiment dat explodeert met aardse rijkdom en hernieuwd leven. Van hemelse aroma&#8217;s tot kruidenzuiverheid, dit unieke assortiment is een betoverende en innovatieve safari voor het lichaam en de zintuigen, die de aardse geuren en het ontzagwekkende wonder van dit meest diepgaande continent repliceert. Hand Ritueel 30 min. Reiniging, scrub, massage, wrap, cr\u00e8me. 29,95 Helpt bij droge en vochtarme huid die glans en elasticiteit mist. Helpt bij vermoeide, overwerkte handen. Voet Ritueel 45 min. Voetenbad, scrub, massage met dumbbells, wrap, cr\u00e8me. 42,50 Helpt bij pijnlijke, vermoeide voeten en benen. Helpt bij slechte circulatie.Helpt bij droge en schilferige huid. Marula and Sandalwood Sugar Scrub 45 min. Hele lichaam, scrub en cr\u00e8me. 49,95 Bodyscrub met 100% natuurlijke mix van Marula-olie en Sandalhout. De delicate geur zal je meenemen naar sereniteit die lijkt op een vredige zonsondergang. (Voedend, hydraterend, zuiverend.) African Earth Body Scrub 45 min. Hele lichaam, scrub en cr\u00e8me. 49,95 Bodyscrub met 100% natuurlijke mix van Rooibos en Kigelia Africana. De ontspannende geur brengt je naar een plek van rust in het rustige Afrikaanse bushveld.(Rustgevend, anti-oxidant, helend) Uplifting Mud Wrap 75 min. Hele lichaam, scrub, wrap, cr\u00e8me. 77,50 Als je een laag energie-niveau hebt, als je emotioneel uitgeput bent of als je niet lekker in je vel zit. (Romige, mineraalrijke modder cre\u00ebrt warmte en verlicht spierspanning) Revitalising Gel Wrap 75 min. Hele lichaam, scrub, wrap, cr\u00e8me. 77,50 Als je een laag energieniveau hebt, slechte bloedsomloop, droge en vochtarme huid, door de zon verbrande huid hebt. (Hydraterende Rooibos en Alo\u00eb Ferox gel die kalmeert, verzacht en bevordert) African Nurturing Wrap 75 min. Hele lichaam, scrub, wrap, cr\u00e8me. 77,50 Als je zwanger bent of borstvoeding geeft of een zeer gevoelige huid hebt.(Hydraterende Rooibos en Alo\u00eb Ferox gel die kalmeert, verzacht en bevordert) Deze behandelingen zijn ook nog uit te breiden met een massage naar keuze! Kijkt u hier voor Afrikaanse massage&#8217;s die aansluiten bij deze behandelingen.Kijkt u hier voor de overige massage&#8217;s. Maak hier een afspraak\u00a0online\u00a0of bel 06 423 03 263.<\/p>\n","protected":false},"author":1,"featured_media":0,"parent":0,"menu_order":0,"comment_status":"closed","ping_status":"closed","template":"","meta":{"footnotes":""},"class_list":["post-2143","page","type-page","status-publish","hentry"],"_links":{"self":[{"href":"https:\/\/rineabeauty.nl\/index.php\/wp-json\/wp\/v2\/pages\/2143","targetHints":{"allow":["GET"]}}],"collection":[{"href":"https:\/\/rineabeauty.nl\/index.php\/wp-json\/wp\/v2\/pages"}],"about":[{"href":"https:\/\/rineabeauty.nl\/index.php\/wp-json\/wp\/v2\/types\/page"}],"author":[{"embeddable":true,"href":"https:\/\/rineabeauty.nl\/index.php\/wp-json\/wp\/v2\/users\/1"}],"replies":[{"embeddable":true,"href":"https:\/\/rineabeauty.nl\/index.php\/wp-json\/wp\/v2\/comments?post=2143"}],"version-history":[{"count":11,"href":"https:\/\/rineabeauty.nl\/index.php\/wp-json\/wp\/v2\/pages\/2143\/revisions"}],"predecessor-version":[{"id":3633,"href":"https:\/\/rineabeauty.nl\/index.php\/wp-json\/wp\/v2\/pages\/2143\/revisions\/3633"}],"wp:attachment":[{"href":"https:\/\/rineabeauty.nl\/index.php\/wp-json\/wp\/v2\/media?parent=2143"}],"curies":[{"name":"wp","href":"https:\/\/api.w.org\/{rel}","templated":true}]}}