{"id":1252,"date":"2022-01-21T15:15:21","date_gmt":"2022-01-21T14:15:21","guid":{"rendered":"https:\/\/rineabeauty.nl\/?page_id=1252"},"modified":"2026-02-20T11:36:48","modified_gmt":"2026-02-20T10:36:48","slug":"chemische-peelings","status":"publish","type":"page","link":"https:\/\/rineabeauty.nl\/index.php\/chemische-peelings\/","title":{"rendered":"Chemische Peelings"},"content":{"rendered":"\n<pre id=\"tw-target-text\" class=\"wp-block-preformatted has-background has-medium-font-size\" style=\"background-color:#c9b7d3\">Een chemische peeling is een zure chemische oplossing die op de huid wordt aangebracht voor een gecontroleerde exfoliatie en om de buitenste oppervlaktelagen van de huid te vernieuwen.\n\nEen chemische peeling word aanbevolen voor hyperpigmentatie, voor rijpe huid om verouderingseffecten tegen te gaan, acne, puistjes, vergrote pori\u00ebn en een doffe of glansloze huid te elimineren!\n\n<\/pre>\n\n\n\n<p>De beste tijd van het jaar om een chemische peeling uit te voeren is in de herfst of winter. <\/p>\n\n\n\n<p>In de lente en zomer is er veel zonlicht. Zonlicht moet echt zoveel mogelijk ontweken worden na een behandeling met deze peelings.<\/p>\n\n\n\n<p>Voor een optimaal resultaat wordt een kuur van 4x aangeraden met elke keer 21 dagen tussen de behandelingen. De huid heeft 21 dagen nodig om zichzelf weer te vernieuwen, eerder is dus niet aan te raden.<\/p>\n\n\n\n<p>De resultaten zijn al zichtbaar vanaf de eerste behandeling. De dag na de peeling zal uw huid als nieuw voelen. Zo zacht als een baby-huidje en mooi stralend.<\/p>\n\n\n\n<div style=\"height:100px\" aria-hidden=\"true\" class=\"wp-block-spacer\"><\/div>\n\n\n\n<p class=\"has-large-font-size\"><strong>U kunt kiezen uit 3 verschillende peelings:<\/strong><\/p>\n\n\n\n<div class=\"wp-block-group\"><div class=\"wp-block-group__inner-container is-layout-flow wp-block-group-is-layout-flow\">\n<ul class=\"wp-block-list\">\n<li><strong>Age Renew<\/strong><\/li>\n<\/ul>\n<\/div><\/div>\n\n\n\n<div class=\"wp-block-columns is-layout-flex wp-container-core-columns-is-layout-9d6595d7 wp-block-columns-is-layout-flex\">\n<div class=\"wp-block-column is-layout-flow wp-block-column-is-layout-flow\">\n<figure class=\"wp-block-image size-large\"><img loading=\"lazy\" decoding=\"async\" width=\"1024\" height=\"1024\" src=\"https:\/\/rineabeauty.nl\/wp-content\/uploads\/2022\/01\/Peeling-Age-renew-links-1024x1024.jpg\" alt=\"\" class=\"wp-image-1273\" srcset=\"https:\/\/rineabeauty.nl\/wp-content\/uploads\/2022\/01\/Peeling-Age-renew-links-1024x1024.jpg 1024w, https:\/\/rineabeauty.nl\/wp-content\/uploads\/2022\/01\/Peeling-Age-renew-links-300x300.jpg 300w, https:\/\/rineabeauty.nl\/wp-content\/uploads\/2022\/01\/Peeling-Age-renew-links-100x100.jpg 100w, https:\/\/rineabeauty.nl\/wp-content\/uploads\/2022\/01\/Peeling-Age-renew-links-600x600.jpg 600w, https:\/\/rineabeauty.nl\/wp-content\/uploads\/2022\/01\/Peeling-Age-renew-links-150x150.jpg 150w, https:\/\/rineabeauty.nl\/wp-content\/uploads\/2022\/01\/Peeling-Age-renew-links-768x768.jpg 768w, https:\/\/rineabeauty.nl\/wp-content\/uploads\/2022\/01\/Peeling-Age-renew-links-75x75.jpg 75w, https:\/\/rineabeauty.nl\/wp-content\/uploads\/2022\/01\/Peeling-Age-renew-links.jpg 1080w\" sizes=\"auto, (max-width: 1024px) 100vw, 1024px\" \/><\/figure>\n<\/div>\n\n\n\n<div class=\"wp-block-column is-layout-flow wp-block-column-is-layout-flow\">\n<figure class=\"wp-block-image size-large\"><img loading=\"lazy\" decoding=\"async\" width=\"1024\" height=\"1024\" src=\"https:\/\/rineabeauty.nl\/wp-content\/uploads\/2022\/01\/peeling-age-renew-midden-1024x1024.jpg\" alt=\"\" class=\"wp-image-1275\" srcset=\"https:\/\/rineabeauty.nl\/wp-content\/uploads\/2022\/01\/peeling-age-renew-midden-1024x1024.jpg 1024w, https:\/\/rineabeauty.nl\/wp-content\/uploads\/2022\/01\/peeling-age-renew-midden-300x300.jpg 300w, https:\/\/rineabeauty.nl\/wp-content\/uploads\/2022\/01\/peeling-age-renew-midden-100x100.jpg 100w, https:\/\/rineabeauty.nl\/wp-content\/uploads\/2022\/01\/peeling-age-renew-midden-600x600.jpg 600w, https:\/\/rineabeauty.nl\/wp-content\/uploads\/2022\/01\/peeling-age-renew-midden-150x150.jpg 150w, https:\/\/rineabeauty.nl\/wp-content\/uploads\/2022\/01\/peeling-age-renew-midden-768x768.jpg 768w, https:\/\/rineabeauty.nl\/wp-content\/uploads\/2022\/01\/peeling-age-renew-midden-75x75.jpg 75w, https:\/\/rineabeauty.nl\/wp-content\/uploads\/2022\/01\/peeling-age-renew-midden.jpg 1080w\" sizes=\"auto, (max-width: 1024px) 100vw, 1024px\" \/><\/figure>\n<\/div>\n\n\n\n<div class=\"wp-block-column is-layout-flow wp-block-column-is-layout-flow\">\n<figure class=\"wp-block-image size-large\"><img loading=\"lazy\" decoding=\"async\" width=\"1024\" height=\"1024\" src=\"https:\/\/rineabeauty.nl\/wp-content\/uploads\/2022\/01\/peeling-age-renew-rechts-1024x1024.jpg\" alt=\"\" class=\"wp-image-1276\" srcset=\"https:\/\/rineabeauty.nl\/wp-content\/uploads\/2022\/01\/peeling-age-renew-rechts-1024x1024.jpg 1024w, https:\/\/rineabeauty.nl\/wp-content\/uploads\/2022\/01\/peeling-age-renew-rechts-300x300.jpg 300w, https:\/\/rineabeauty.nl\/wp-content\/uploads\/2022\/01\/peeling-age-renew-rechts-100x100.jpg 100w, https:\/\/rineabeauty.nl\/wp-content\/uploads\/2022\/01\/peeling-age-renew-rechts-600x600.jpg 600w, https:\/\/rineabeauty.nl\/wp-content\/uploads\/2022\/01\/peeling-age-renew-rechts-150x150.jpg 150w, https:\/\/rineabeauty.nl\/wp-content\/uploads\/2022\/01\/peeling-age-renew-rechts-768x768.jpg 768w, https:\/\/rineabeauty.nl\/wp-content\/uploads\/2022\/01\/peeling-age-renew-rechts-75x75.jpg 75w, https:\/\/rineabeauty.nl\/wp-content\/uploads\/2022\/01\/peeling-age-renew-rechts.jpg 1080w\" sizes=\"auto, (max-width: 1024px) 100vw, 1024px\" \/><\/figure>\n<\/div>\n<\/div>\n\n\n\n<div class=\"wp-block-columns is-layout-flex wp-container-core-columns-is-layout-9d6595d7 wp-block-columns-is-layout-flex\">\n<div class=\"wp-block-column is-layout-flow wp-block-column-is-layout-flow\" style=\"flex-basis:100%\"><\/div>\n<\/div>\n\n\n\n<p>Wil jij de huid duidelijk verjongen?<\/p>\n\n\n\n<p>Deze lijn is voor alle klachten rondom ouder worden. Bijvoorbeeld bij een verslapte huid of rimpels. Binnen drie weken zie je 61% verbetering van diepe rimpels en een 94% jongere uitstraling per Anti-Aging behandeling. <\/p>\n\n\n\n<p>Deze peeling heeft een regeneratief effect om een Anti-Aging effect op te wekken. Hoe geweldig is dat? Perfect voor huiden met rimpels, expressielijntjes, ruwheid, gebrek aan helderheid, dof, futloos, rokershuid, gebrek aan stevigheid of zwellingen in de huid. <\/p>\n\n\n\n<div style=\"height:100px\" aria-hidden=\"true\" class=\"wp-block-spacer\"><\/div>\n\n\n\n<p><\/p>\n\n\n\n<p><\/p>\n\n\n\n<p><\/p>\n\n\n\n<ul class=\"wp-block-list\">\n<li><strong>White Pearl<\/strong><\/li>\n<\/ul>\n\n\n\n<p><\/p>\n\n\n\n<div class=\"wp-block-columns is-layout-flex wp-container-core-columns-is-layout-9d6595d7 wp-block-columns-is-layout-flex\">\n<div class=\"wp-block-column is-vertically-aligned-top is-layout-flow wp-block-column-is-layout-flow\">\n<figure class=\"wp-block-image size-large\"><img loading=\"lazy\" decoding=\"async\" width=\"1024\" height=\"1024\" src=\"https:\/\/rineabeauty.nl\/wp-content\/uploads\/2022\/01\/peeling-white-pearl-links-1024x1024.jpg\" alt=\"\" class=\"wp-image-1280\" srcset=\"https:\/\/rineabeauty.nl\/wp-content\/uploads\/2022\/01\/peeling-white-pearl-links-1024x1024.jpg 1024w, https:\/\/rineabeauty.nl\/wp-content\/uploads\/2022\/01\/peeling-white-pearl-links-300x300.jpg 300w, https:\/\/rineabeauty.nl\/wp-content\/uploads\/2022\/01\/peeling-white-pearl-links-100x100.jpg 100w, https:\/\/rineabeauty.nl\/wp-content\/uploads\/2022\/01\/peeling-white-pearl-links-600x600.jpg 600w, https:\/\/rineabeauty.nl\/wp-content\/uploads\/2022\/01\/peeling-white-pearl-links-150x150.jpg 150w, https:\/\/rineabeauty.nl\/wp-content\/uploads\/2022\/01\/peeling-white-pearl-links-768x768.jpg 768w, https:\/\/rineabeauty.nl\/wp-content\/uploads\/2022\/01\/peeling-white-pearl-links-75x75.jpg 75w, https:\/\/rineabeauty.nl\/wp-content\/uploads\/2022\/01\/peeling-white-pearl-links.jpg 1080w\" sizes=\"auto, (max-width: 1024px) 100vw, 1024px\" \/><\/figure>\n<\/div>\n\n\n\n<div class=\"wp-block-column is-layout-flow wp-block-column-is-layout-flow\">\n<figure class=\"wp-block-image size-large\"><img loading=\"lazy\" decoding=\"async\" width=\"1024\" height=\"1024\" src=\"https:\/\/rineabeauty.nl\/wp-content\/uploads\/2022\/01\/peeling-white-pearl-midden-1024x1024.jpg\" alt=\"\" class=\"wp-image-1279\" srcset=\"https:\/\/rineabeauty.nl\/wp-content\/uploads\/2022\/01\/peeling-white-pearl-midden-1024x1024.jpg 1024w, https:\/\/rineabeauty.nl\/wp-content\/uploads\/2022\/01\/peeling-white-pearl-midden-300x300.jpg 300w, https:\/\/rineabeauty.nl\/wp-content\/uploads\/2022\/01\/peeling-white-pearl-midden-100x100.jpg 100w, https:\/\/rineabeauty.nl\/wp-content\/uploads\/2022\/01\/peeling-white-pearl-midden-600x600.jpg 600w, https:\/\/rineabeauty.nl\/wp-content\/uploads\/2022\/01\/peeling-white-pearl-midden-150x150.jpg 150w, https:\/\/rineabeauty.nl\/wp-content\/uploads\/2022\/01\/peeling-white-pearl-midden-768x768.jpg 768w, https:\/\/rineabeauty.nl\/wp-content\/uploads\/2022\/01\/peeling-white-pearl-midden-75x75.jpg 75w, https:\/\/rineabeauty.nl\/wp-content\/uploads\/2022\/01\/peeling-white-pearl-midden.jpg 1080w\" sizes=\"auto, (max-width: 1024px) 100vw, 1024px\" \/><\/figure>\n<\/div>\n\n\n\n<div class=\"wp-block-column is-layout-flow wp-block-column-is-layout-flow\">\n<figure class=\"wp-block-image size-large\"><img loading=\"lazy\" decoding=\"async\" width=\"1024\" height=\"1024\" src=\"https:\/\/rineabeauty.nl\/wp-content\/uploads\/2022\/01\/peeling-white-pearl-rechts-1024x1024.jpg\" alt=\"\" class=\"wp-image-1278\" srcset=\"https:\/\/rineabeauty.nl\/wp-content\/uploads\/2022\/01\/peeling-white-pearl-rechts-1024x1024.jpg 1024w, https:\/\/rineabeauty.nl\/wp-content\/uploads\/2022\/01\/peeling-white-pearl-rechts-300x300.jpg 300w, https:\/\/rineabeauty.nl\/wp-content\/uploads\/2022\/01\/peeling-white-pearl-rechts-100x100.jpg 100w, https:\/\/rineabeauty.nl\/wp-content\/uploads\/2022\/01\/peeling-white-pearl-rechts-600x600.jpg 600w, https:\/\/rineabeauty.nl\/wp-content\/uploads\/2022\/01\/peeling-white-pearl-rechts-150x150.jpg 150w, https:\/\/rineabeauty.nl\/wp-content\/uploads\/2022\/01\/peeling-white-pearl-rechts-768x768.jpg 768w, https:\/\/rineabeauty.nl\/wp-content\/uploads\/2022\/01\/peeling-white-pearl-rechts-75x75.jpg 75w, https:\/\/rineabeauty.nl\/wp-content\/uploads\/2022\/01\/peeling-white-pearl-rechts.jpg 1080w\" sizes=\"auto, (max-width: 1024px) 100vw, 1024px\" \/><\/figure>\n<\/div>\n<\/div>\n\n\n\n<p>Zie jij hyperpigmentatie in je huid? <\/p>\n\n\n\n<p>De White Pearl lijn is voor alle klachten rondom donkere of rode vlekken op de huid. Je wilt de huid egaliseren. Binnen drie weken zie je een 100% lichtere huid met 27% verbetering van vlekken per anti-pigment behandeling.<\/p>\n\n\n\n<p>Niet alleen in je gezicht, ook op je decollet\u00e9, op je hals (daar waar je parfum spuit), op je handen of op je bovenarmen komt hyperpigmentatie voor. <\/p>\n\n\n\n<p>De exclusieve combinatie van zuren die te vinden zijn in deze producten, verbetert, verlicht en minimaliseert hyperpigmentatie al na \u00e9\u00e9n behandeling. Iedere dag zie je de hyperpigmentatie verminderen, de huid lichter worden, de huid egaler worden, de rimpels minder worden. <\/p>\n\n\n\n<p>Wil jij een heldere, jongere, vernieuwde en pigmentvlekvrije huid? Maak dan nu die afspraak!<\/p>\n\n\n\n<p><\/p>\n\n\n\n<div style=\"height:100px\" aria-hidden=\"true\" class=\"wp-block-spacer\"><\/div>\n\n\n\n<ul class=\"wp-block-list\">\n<li><strong>Pure Balance<\/strong><\/li>\n<\/ul>\n\n\n\n<div class=\"wp-block-columns is-layout-flex wp-container-core-columns-is-layout-9d6595d7 wp-block-columns-is-layout-flex\">\n<div class=\"wp-block-column is-layout-flow wp-block-column-is-layout-flow\">\n<figure class=\"wp-block-image size-large\"><img loading=\"lazy\" decoding=\"async\" width=\"1024\" height=\"1024\" src=\"https:\/\/rineabeauty.nl\/wp-content\/uploads\/2022\/01\/peeling-pure-balance-links-1024x1024.jpg\" alt=\"\" class=\"wp-image-1274\" srcset=\"https:\/\/rineabeauty.nl\/wp-content\/uploads\/2022\/01\/peeling-pure-balance-links-1024x1024.jpg 1024w, https:\/\/rineabeauty.nl\/wp-content\/uploads\/2022\/01\/peeling-pure-balance-links-300x300.jpg 300w, https:\/\/rineabeauty.nl\/wp-content\/uploads\/2022\/01\/peeling-pure-balance-links-100x100.jpg 100w, https:\/\/rineabeauty.nl\/wp-content\/uploads\/2022\/01\/peeling-pure-balance-links-600x600.jpg 600w, https:\/\/rineabeauty.nl\/wp-content\/uploads\/2022\/01\/peeling-pure-balance-links-150x150.jpg 150w, https:\/\/rineabeauty.nl\/wp-content\/uploads\/2022\/01\/peeling-pure-balance-links-768x768.jpg 768w, https:\/\/rineabeauty.nl\/wp-content\/uploads\/2022\/01\/peeling-pure-balance-links-75x75.jpg 75w, https:\/\/rineabeauty.nl\/wp-content\/uploads\/2022\/01\/peeling-pure-balance-links.jpg 1080w\" sizes=\"auto, (max-width: 1024px) 100vw, 1024px\" \/><\/figure>\n<\/div>\n\n\n\n<div class=\"wp-block-column is-layout-flow wp-block-column-is-layout-flow\">\n<figure class=\"wp-block-image size-large\"><img loading=\"lazy\" decoding=\"async\" width=\"1024\" height=\"1024\" src=\"https:\/\/rineabeauty.nl\/wp-content\/uploads\/2022\/01\/peeling-pure-balance-midden-1024x1024.jpg\" alt=\"\" class=\"wp-image-1282\" srcset=\"https:\/\/rineabeauty.nl\/wp-content\/uploads\/2022\/01\/peeling-pure-balance-midden-1024x1024.jpg 1024w, https:\/\/rineabeauty.nl\/wp-content\/uploads\/2022\/01\/peeling-pure-balance-midden-300x300.jpg 300w, https:\/\/rineabeauty.nl\/wp-content\/uploads\/2022\/01\/peeling-pure-balance-midden-100x100.jpg 100w, https:\/\/rineabeauty.nl\/wp-content\/uploads\/2022\/01\/peeling-pure-balance-midden-600x600.jpg 600w, https:\/\/rineabeauty.nl\/wp-content\/uploads\/2022\/01\/peeling-pure-balance-midden-150x150.jpg 150w, https:\/\/rineabeauty.nl\/wp-content\/uploads\/2022\/01\/peeling-pure-balance-midden-768x768.jpg 768w, https:\/\/rineabeauty.nl\/wp-content\/uploads\/2022\/01\/peeling-pure-balance-midden-75x75.jpg 75w, https:\/\/rineabeauty.nl\/wp-content\/uploads\/2022\/01\/peeling-pure-balance-midden.jpg 1080w\" sizes=\"auto, (max-width: 1024px) 100vw, 1024px\" \/><\/figure>\n<\/div>\n\n\n\n<div class=\"wp-block-column is-layout-flow wp-block-column-is-layout-flow\">\n<figure class=\"wp-block-image size-large\"><img loading=\"lazy\" decoding=\"async\" width=\"1024\" height=\"1024\" src=\"https:\/\/rineabeauty.nl\/wp-content\/uploads\/2022\/01\/peeling-pure-balance-rechts-1024x1024.jpg\" alt=\"\" class=\"wp-image-1281\" srcset=\"https:\/\/rineabeauty.nl\/wp-content\/uploads\/2022\/01\/peeling-pure-balance-rechts-1024x1024.jpg 1024w, https:\/\/rineabeauty.nl\/wp-content\/uploads\/2022\/01\/peeling-pure-balance-rechts-300x300.jpg 300w, https:\/\/rineabeauty.nl\/wp-content\/uploads\/2022\/01\/peeling-pure-balance-rechts-100x100.jpg 100w, https:\/\/rineabeauty.nl\/wp-content\/uploads\/2022\/01\/peeling-pure-balance-rechts-600x600.jpg 600w, https:\/\/rineabeauty.nl\/wp-content\/uploads\/2022\/01\/peeling-pure-balance-rechts-150x150.jpg 150w, https:\/\/rineabeauty.nl\/wp-content\/uploads\/2022\/01\/peeling-pure-balance-rechts-768x768.jpg 768w, https:\/\/rineabeauty.nl\/wp-content\/uploads\/2022\/01\/peeling-pure-balance-rechts-75x75.jpg 75w, https:\/\/rineabeauty.nl\/wp-content\/uploads\/2022\/01\/peeling-pure-balance-rechts.jpg 1080w\" sizes=\"auto, (max-width: 1024px) 100vw, 1024px\" \/><\/figure>\n<\/div>\n<\/div>\n\n\n\n<p>Wil jij een huid die in balans gebracht en vernieuwd is?<\/p>\n\n\n\n<p>De Pure Balance lijn is voor alle klachten rondom acne. Denk hierbij aan onzuiverheden, ontstekingen, littekens, een glanzende huid en grote pori\u00ebn. Binnen drie weken zie je 75% minder ontstekingen en 94% minder glans, roodheid, verkleinde pori\u00ebn \u00e9n een gezondere uitstraling.<\/p>\n\n\n\n<p>De exclusieve combinatie van zuren zorgt ervoor dat de talgproductie afneemt, de huid kalmeert en dat er een ontstekingsremmende werking ontstaat op de huid. Daarnaast bevordert het de celvernieuwing van de huid.<\/p>\n\n\n\n<p>De huid gaat er prachtig en gezond uitzien!<\/p>\n\n\n\n<div style=\"height:100px\" aria-hidden=\"true\" class=\"wp-block-spacer\"><\/div>\n\n\n\n<p class=\"has-large-font-size\"><strong>De behandeling: <\/strong><\/p>\n\n\n\n<p class=\"has-background\" style=\"background-color:#aca6ae\">De behandeling bestaat uit:<\/p>\n\n\n\n<p class=\"has-background\" style=\"background-color:#aca6ae\">Reiniging van ogen, gezicht, hals en decollet\u00e9, Pre-peeling aanbrengen, Peeling aanbrengen, Lichte massage om de Peeling te activeren,  Peeling verwijderen, Oogcr\u00e8me, Concentrate aanbrengen, SPF50-aanbrengen.<\/p>\n\n\n\n<p class=\"has-background\" style=\"background-color:#aca6ae\">De behandeling duurt ongeveer 1 uur en is 89,- euro.<\/p>\n\n\n\n<p><\/p>\n\n\n\n<p>Epileren extra: 10,-<\/p>\n\n\n\n<p>Epileren en verven extra: 18,50<\/p>\n\n\n\n<p><\/p>\n\n\n\n<p class=\"has-text-color has-medium-font-size\" style=\"color:#471e53\"><strong><em>Kuur 4x behandeling, incl. 2x een Concentrate + <\/em><\/strong><em><strong>1x een SPF50 voor thuisgebruik: 410,-<\/strong><\/em><\/p>\n\n\n\n<div style=\"height:59px\" aria-hidden=\"true\" class=\"wp-block-spacer\"><\/div>\n\n\n\n<p class=\"has-medium-font-size\">Normale prijzen:<\/p>\n\n\n\n<p>1 behandeling:       89,-<\/p>\n\n\n\n<p>1x concentrate:      32,85<\/p>\n\n\n\n<p>1x SPF50:               23,45<\/p>\n\n\n\n<p><\/p>\n\n\n\n<div style=\"height:78px\" aria-hidden=\"true\" class=\"wp-block-spacer\"><\/div>\n\n\n\n<p class=\"has-text-color\" style=\"color:#542463;font-size:30px\">Belangrijk!<\/p>\n\n\n\n<ul class=\"wp-block-list\">\n<li>Kiest u voor de Pure Balance en wilt u ook uw onzuiverheden laten verwijderen?<\/li>\n<\/ul>\n\n\n\n<p>Kies dan voor de mini-behandeling 1 week voor de Peeling behandeling. Er kan niet uit-gereinigd worden tijdens de Peeling behandeling!<\/p>\n\n\n\n<ul class=\"wp-block-list\">\n<li>48 uur geen cosmetica in het gezicht aanbrengen!!<\/li>\n\n\n\n<li>72 uur geen zon!<\/li>\n<\/ul>\n\n\n\n<div style=\"height:100px\" aria-hidden=\"true\" class=\"wp-block-spacer\"><\/div>\n\n\n\n<p>Het concentrate product wat u mee krijgt in de kuur, is bedoeld om aan te brengen op een gereinigd gezicht in de avond.<\/p>\n\n\n\n<p>Natuurlijk zijn er aanvullende producten om de behandeling te optimaliseren en nog meer resultaat te behalen uit de behandelingen.<\/p>\n\n\n\n<p>Mocht u hier interesse in hebben, dan kunt u dat aangeven bij de behandeling.<\/p>\n\n\n\n<figure class=\"wp-block-image size-full\"><img loading=\"lazy\" decoding=\"async\" width=\"722\" height=\"524\" src=\"https:\/\/rineabeauty.nl\/wp-content\/uploads\/2022\/01\/Peeling-ondersteuning-producten.png\" alt=\"\" class=\"wp-image-1304\" srcset=\"https:\/\/rineabeauty.nl\/wp-content\/uploads\/2022\/01\/Peeling-ondersteuning-producten.png 722w, https:\/\/rineabeauty.nl\/wp-content\/uploads\/2022\/01\/Peeling-ondersteuning-producten-600x435.png 600w, https:\/\/rineabeauty.nl\/wp-content\/uploads\/2022\/01\/Peeling-ondersteuning-producten-300x218.png 300w\" sizes=\"auto, (max-width: 722px) 100vw, 722px\" \/><\/figure>\n\n\n\n<h2 class=\"wp-block-heading has-text-color\" style=\"color:#542463\"><strong>Belangrijke informatie<\/strong><\/h2>\n\n\n\n<p><strong>Tijdens dit programma mag je (tot 3 weken na je laatste behandeling):<\/strong><\/p>\n\n\n\n<ul class=\"wp-block-list\">\n<li>GEEN andere gezichtsbehandeling ondergaan tussen de fruitzuurpeelings, tot en met minimaal drie weken na de laatste behandeling van de kuur.<\/li>\n\n\n\n<li>GEEN andere peeling gebruiken<\/li>\n\n\n\n<li>GEEN andere producten\/merken gebruiken, dan geadviseerd:<\/li>\n\n\n\n<li>Voor thuisgebruik dien je het Age Renew\/Pure balance\/White Pearl Concentrate aan te schaffen, dat je gedurende de behandelingen gebruikt. De inhoud is goed voor 4 weken en dien je in de avond te gebruiken. <\/li>\n\n\n\n<li>GEEN andere apparatuur gebruiken<\/li>\n\n\n\n<li>NIET binnen twee dagen naar de sauna of zwembad\/zee gaan<\/li>\n\n\n\n<li>NIET in de zon komen zonder zonnebescherming.<\/li>\n<\/ul>\n\n\n\n<p class=\"has-text-align-center has-background\" style=\"background-color:#ac89e6\">Maak <a href=\"https:\/\/portal.looppiness.com\/Rin%C3%A9a-Beauty\/\" data-type=\"link\" data-id=\"https:\/\/portal.looppiness.com\/salon-divino\/\">hier<\/a> een afspraak\u00a0online\u00a0of bel 06 284 19 357.<\/p>\n\n\n\n<p><\/p>\n","protected":false},"excerpt":{"rendered":"<p>Een chemische peeling is een zure chemische oplossing die op de huid wordt aangebracht voor een gecontroleerde exfoliatie en om de buitenste oppervlaktelagen van de huid te vernieuwen. Een chemische peeling word aanbevolen voor hyperpigmentatie, voor rijpe huid om verouderingseffecten tegen te gaan, acne, puistjes, vergrote pori\u00ebn en een doffe of glansloze huid te elimineren! De beste tijd van het jaar om een chemische peeling uit te voeren is in de herfst of winter. In de lente en zomer is er veel zonlicht. Zonlicht moet echt zoveel mogelijk ontweken worden na een behandeling met deze peelings. Voor een optimaal resultaat wordt een kuur van 4x aangeraden met elke keer 21 dagen tussen de behandelingen. De huid heeft 21 dagen nodig om zichzelf weer te vernieuwen, eerder is dus niet aan te raden. De resultaten zijn al zichtbaar vanaf de eerste behandeling. De dag na de peeling zal uw huid als nieuw voelen. Zo zacht als een baby-huidje en mooi stralend. U kunt kiezen uit 3 verschillende peelings: Wil jij de huid duidelijk verjongen? Deze lijn is voor alle klachten rondom ouder worden. Bijvoorbeeld bij een verslapte huid of rimpels. Binnen drie weken zie je 61% verbetering van diepe rimpels en een 94% jongere uitstraling per Anti-Aging behandeling. Deze peeling heeft een regeneratief effect om een Anti-Aging effect op te wekken. Hoe geweldig is dat? Perfect voor huiden met rimpels, expressielijntjes, ruwheid, gebrek aan helderheid, dof, futloos, rokershuid, gebrek aan stevigheid of zwellingen in de huid. Zie jij hyperpigmentatie in je huid? De White Pearl lijn is voor alle klachten rondom donkere of rode vlekken op de huid. Je wilt de huid egaliseren. Binnen drie weken zie je een 100% lichtere huid met 27% verbetering van vlekken per anti-pigment behandeling. Niet alleen in je gezicht, ook op je decollet\u00e9, op je hals (daar waar je parfum spuit), op je handen of op je bovenarmen komt hyperpigmentatie voor. De exclusieve combinatie van zuren die te vinden zijn in deze producten, verbetert, verlicht en minimaliseert hyperpigmentatie al na \u00e9\u00e9n behandeling. Iedere dag zie je de hyperpigmentatie verminderen, de huid lichter worden, de huid egaler worden, de rimpels minder worden. Wil jij een heldere, jongere, vernieuwde en pigmentvlekvrije huid? Maak dan nu die afspraak! Wil jij een huid die in balans gebracht en vernieuwd is? De Pure Balance lijn is voor alle klachten rondom acne. Denk hierbij aan onzuiverheden, ontstekingen, littekens, een glanzende huid en grote pori\u00ebn. Binnen drie weken zie je 75% minder ontstekingen en 94% minder glans, roodheid, verkleinde pori\u00ebn \u00e9n een gezondere uitstraling. De exclusieve combinatie van zuren zorgt ervoor dat de talgproductie afneemt, de huid kalmeert en dat er een ontstekingsremmende werking ontstaat op de huid. Daarnaast bevordert het de celvernieuwing van de huid. De huid gaat er prachtig en gezond uitzien! De behandeling: De behandeling bestaat uit: Reiniging van ogen, gezicht, hals en decollet\u00e9, Pre-peeling aanbrengen, Peeling aanbrengen, Lichte massage om de Peeling te activeren, Peeling verwijderen, Oogcr\u00e8me, Concentrate aanbrengen, SPF50-aanbrengen. De behandeling duurt ongeveer 1 uur en is 89,- euro. Epileren extra: 10,- Epileren en verven extra: 18,50 Kuur 4x behandeling, incl. 2x een Concentrate + 1x een SPF50 voor thuisgebruik: 410,- Normale prijzen: 1 behandeling: 89,- 1x concentrate: 32,85 1x SPF50: 23,45 Belangrijk! Kies dan voor de mini-behandeling 1 week voor de Peeling behandeling. Er kan niet uit-gereinigd worden tijdens de Peeling behandeling! Het concentrate product wat u mee krijgt in de kuur, is bedoeld om aan te brengen op een gereinigd gezicht in de avond. Natuurlijk zijn er aanvullende producten om de behandeling te optimaliseren en nog meer resultaat te behalen uit de behandelingen. Mocht u hier interesse in hebben, dan kunt u dat aangeven bij de behandeling. Belangrijke informatie Tijdens dit programma mag je (tot 3 weken na je laatste behandeling): Maak hier een afspraak\u00a0online\u00a0of bel 06 284 19 357.<\/p>\n","protected":false},"author":1,"featured_media":1255,"parent":0,"menu_order":0,"comment_status":"closed","ping_status":"closed","template":"","meta":{"footnotes":""},"class_list":["post-1252","page","type-page","status-publish","has-post-thumbnail","hentry"],"_links":{"self":[{"href":"https:\/\/rineabeauty.nl\/index.php\/wp-json\/wp\/v2\/pages\/1252","targetHints":{"allow":["GET"]}}],"collection":[{"href":"https:\/\/rineabeauty.nl\/index.php\/wp-json\/wp\/v2\/pages"}],"about":[{"href":"https:\/\/rineabeauty.nl\/index.php\/wp-json\/wp\/v2\/types\/page"}],"author":[{"embeddable":true,"href":"https:\/\/rineabeauty.nl\/index.php\/wp-json\/wp\/v2\/users\/1"}],"replies":[{"embeddable":true,"href":"https:\/\/rineabeauty.nl\/index.php\/wp-json\/wp\/v2\/comments?post=1252"}],"version-history":[{"count":27,"href":"https:\/\/rineabeauty.nl\/index.php\/wp-json\/wp\/v2\/pages\/1252\/revisions"}],"predecessor-version":[{"id":3626,"href":"https:\/\/rineabeauty.nl\/index.php\/wp-json\/wp\/v2\/pages\/1252\/revisions\/3626"}],"wp:featuredmedia":[{"embeddable":true,"href":"https:\/\/rineabeauty.nl\/index.php\/wp-json\/wp\/v2\/media\/1255"}],"wp:attachment":[{"href":"https:\/\/rineabeauty.nl\/index.php\/wp-json\/wp\/v2\/media?parent=1252"}],"curies":[{"name":"wp","href":"https:\/\/api.w.org\/{rel}","templated":true}]}}